{"id":492,"date":"2024-08-24T12:34:08","date_gmt":"2024-08-24T15:34:08","guid":{"rendered":"https:\/\/site.mapa.org.br\/?page_id=492"},"modified":"2025-01-05T17:08:06","modified_gmt":"2025-01-05T20:08:06","slug":"atendimento","status":"publish","type":"page","link":"https:\/\/www.mapadoacolhimento.org\/en\/atendimento\/","title":{"rendered":"Pe\u00e7a ajuda"},"content":{"rendered":"","protected":false},"excerpt":{"rendered":"","protected":false},"author":7,"featured_media":0,"parent":0,"menu_order":0,"comment_status":"closed","ping_status":"closed","template":"","meta":{"_seopress_robots_primary_cat":"","_seopress_titles_title":"Pe\u00e7a ajuda no Mapa do Acolhimento","_seopress_titles_desc":"Se voc\u00ea passou por uma viol\u00eancia, saiba que voc\u00ea n\u00e3o est\u00e1 sozinha. Vamos encontrar a melhor forma de te acolher para que voc\u00ea receba a ajuda que procura.","_seopress_robots_index":"","inline_featured_image":false,"footnotes":""},"class_list":["post-492","page","type-page","status-publish","hentry"],"_links":{"self":[{"href":"https:\/\/www.mapadoacolhimento.org\/en\/wp-json\/wp\/v2\/pages\/492","targetHints":{"allow":["GET"]}}],"collection":[{"href":"https:\/\/www.mapadoacolhimento.org\/en\/wp-json\/wp\/v2\/pages"}],"about":[{"href":"https:\/\/www.mapadoacolhimento.org\/en\/wp-json\/wp\/v2\/types\/page"}],"author":[{"embeddable":true,"href":"https:\/\/www.mapadoacolhimento.org\/en\/wp-json\/wp\/v2\/users\/7"}],"replies":[{"embeddable":true,"href":"https:\/\/www.mapadoacolhimento.org\/en\/wp-json\/wp\/v2\/comments?post=492"}],"version-history":[{"count":3,"href":"https:\/\/www.mapadoacolhimento.org\/en\/wp-json\/wp\/v2\/pages\/492\/revisions"}],"predecessor-version":[{"id":4161,"href":"https:\/\/www.mapadoacolhimento.org\/en\/wp-json\/wp\/v2\/pages\/492\/revisions\/4161"}],"wp:attachment":[{"href":"https:\/\/www.mapadoacolhimento.org\/en\/wp-json\/wp\/v2\/media?parent=492"}],"curies":[{"name":"wp","href":"https:\/\/api.w.org\/{rel}","templated":true}]}}