{"id":37,"date":"2024-08-15T14:55:36","date_gmt":"2024-08-15T17:55:36","guid":{"rendered":"https:\/\/site.mapa.org.br\/?page_id=37"},"modified":"2025-01-05T17:08:25","modified_gmt":"2025-01-05T20:08:25","slug":"voluntaria","status":"publish","type":"page","link":"https:\/\/www.mapadoacolhimento.org\/en\/voluntaria\/","title":{"rendered":"Volunteering at Mapa do Acolhimento"},"content":{"rendered":"","protected":false},"excerpt":{"rendered":"","protected":false},"author":7,"featured_media":0,"parent":0,"menu_order":0,"comment_status":"closed","ping_status":"closed","template":"","meta":{"_seopress_robots_primary_cat":"","_seopress_titles_title":"Seja volunt\u00e1ria no Mapa do Acolhimento","_seopress_titles_desc":"Se voc\u00ea \u00e9 psic\u00f3loga ou advogada e deseja fazer a diferen\u00e7a na vida de outras mulheres, venha fazer parte da nossa rede!","_seopress_robots_index":"","inline_featured_image":false,"footnotes":""},"class_list":["post-37","page","type-page","status-publish","hentry"],"_links":{"self":[{"href":"https:\/\/www.mapadoacolhimento.org\/en\/wp-json\/wp\/v2\/pages\/37","targetHints":{"allow":["GET"]}}],"collection":[{"href":"https:\/\/www.mapadoacolhimento.org\/en\/wp-json\/wp\/v2\/pages"}],"about":[{"href":"https:\/\/www.mapadoacolhimento.org\/en\/wp-json\/wp\/v2\/types\/page"}],"author":[{"embeddable":true,"href":"https:\/\/www.mapadoacolhimento.org\/en\/wp-json\/wp\/v2\/users\/7"}],"replies":[{"embeddable":true,"href":"https:\/\/www.mapadoacolhimento.org\/en\/wp-json\/wp\/v2\/comments?post=37"}],"version-history":[{"count":2,"href":"https:\/\/www.mapadoacolhimento.org\/en\/wp-json\/wp\/v2\/pages\/37\/revisions"}],"predecessor-version":[{"id":4160,"href":"https:\/\/www.mapadoacolhimento.org\/en\/wp-json\/wp\/v2\/pages\/37\/revisions\/4160"}],"wp:attachment":[{"href":"https:\/\/www.mapadoacolhimento.org\/en\/wp-json\/wp\/v2\/media?parent=37"}],"curies":[{"name":"wp","href":"https:\/\/api.w.org\/{rel}","templated":true}]}}